{"id":6168,"date":"2025-08-11T15:19:13","date_gmt":"2025-08-11T07:19:13","guid":{"rendered":"https:\/\/global.kingdee.com\/mo\/?page_id=6168"},"modified":"2025-09-15T15:54:58","modified_gmt":"2025-09-15T07:54:58","slug":"electronics-semiconductor","status":"publish","type":"page","link":"https:\/\/global.kingdee.com\/mo\/pt-pt\/industries\/electronics-semiconductor\/","title":{"rendered":"Electronics semiconductor"},"content":{"rendered":"","protected":false},"excerpt":{"rendered":"","protected":false},"author":26,"featured_media":0,"parent":5487,"menu_order":0,"comment_status":"closed","ping_status":"closed","template":"industrial-solution.php","meta":{"footnotes":"","_links_to":"","_links_to_target":""},"class_list":["post-6168","page","type-page","status-publish","hentry"],"yoast_head":"<!-- This site is optimized with the Yoast SEO plugin v26.0 - https:\/\/yoast.com\/wordpress\/plugins\/seo\/ -->\n<title>Ind\u00fastria da eletr\u00f3nica e dos semicondutores<\/title>\n<meta name=\"description\" content=\"No modelo Fabless, implementar vendas diretas e distribui\u00e7\u00e3o em camadas (garantindo fornecimento de bolachas e integra\u00e7\u00e3o na produ\u00e7\u00e3o externalizada); apoiar controlo de rendimento em processos complexos de semicondutores e custos em opera\u00e7\u00f5es por lotes; e no modelo IDM, possibilitar colabora\u00e7\u00e3o eficiente na cadeia e rastreabilidade multidimensional.\" \/>\n<link rel=\"canonical\" href=\"https:\/\/www.kingdee.com\/mo\/pt-pt\/wp-json\/wp\/v2\/pages\/6168\" \/>\n<meta property=\"og:locale\" content=\"pt_PT\" \/>\n<meta property=\"og:type\" content=\"article\" \/>\n<meta property=\"og:title\" content=\"Ind\u00fastria da eletr\u00f3nica e dos semicondutores\" \/>\n<meta property=\"og:description\" content=\"No modelo Fabless, implementar vendas diretas e distribui\u00e7\u00e3o em camadas (garantindo fornecimento de bolachas e integra\u00e7\u00e3o na produ\u00e7\u00e3o externalizada); apoiar controlo de rendimento em processos complexos de semicondutores e custos em opera\u00e7\u00f5es por lotes; e no modelo IDM, possibilitar colabora\u00e7\u00e3o eficiente na cadeia e rastreabilidade multidimensional.\" \/>\n<meta property=\"og:url\" content=\"https:\/\/global.kingdee.com\/mo\/pt-pt\/industries\/electronics-semiconductor\/\" \/>\n<meta property=\"og:site_name\" content=\"Kingdee Cloud ERP &amp; Al Business Management Solutions-Kingdee Macau\" \/>\n<meta property=\"article:publisher\" content=\"https:\/\/www.facebook.com\/kingdee.official\" \/>\n<meta property=\"article:modified_time\" content=\"2025-09-15T07:54:58+00:00\" \/>\n<meta name=\"twitter:card\" content=\"summary_large_image\" \/>\n<script type=\"application\/ld+json\" class=\"yoast-schema-graph\">{\"@context\":\"https:\/\/schema.org\",\"@graph\":[{\"@type\":\"WebPage\",\"@id\":\"https:\/\/global.kingdee.com\/mo\/pt-pt\/industries\/electronics-semiconductor\/\",\"url\":\"https:\/\/global.kingdee.com\/mo\/pt-pt\/industries\/electronics-semiconductor\/\",\"name\":\"Ind\u00fastria da eletr\u00f3nica e dos semicondutores\",\"isPartOf\":{\"@id\":\"https:\/\/global.kingdee.com\/mo\/pt-pt\/#website\"},\"datePublished\":\"2025-08-11T07:19:13+00:00\",\"dateModified\":\"2025-09-15T07:54:58+00:00\",\"description\":\"No modelo Fabless, implementar vendas diretas e distribui\u00e7\u00e3o em camadas (garantindo fornecimento de bolachas e integra\u00e7\u00e3o na produ\u00e7\u00e3o externalizada); apoiar controlo de rendimento em processos complexos de semicondutores e custos em opera\u00e7\u00f5es por lotes; e no modelo IDM, possibilitar colabora\u00e7\u00e3o eficiente na cadeia e rastreabilidade multidimensional.\",\"breadcrumb\":{\"@id\":\"https:\/\/global.kingdee.com\/mo\/pt-pt\/industries\/electronics-semiconductor\/#breadcrumb\"},\"inLanguage\":\"pt-PT\",\"potentialAction\":[{\"@type\":\"ReadAction\",\"target\":[\"https:\/\/global.kingdee.com\/mo\/pt-pt\/industries\/electronics-semiconductor\/\"]}]},{\"@type\":\"BreadcrumbList\",\"@id\":\"https:\/\/global.kingdee.com\/mo\/pt-pt\/industries\/electronics-semiconductor\/#breadcrumb\",\"itemListElement\":[{\"@type\":\"ListItem\",\"position\":1,\"name\":\"Home\",\"item\":\"https:\/\/global.kingdee.com\/mo\/pt-pt\/\"},{\"@type\":\"ListItem\",\"position\":2,\"name\":\"Industries\",\"item\":\"https:\/\/global.kingdee.com\/mo\/pt-pt\/industries\/\"},{\"@type\":\"ListItem\",\"position\":3,\"name\":\"Electronics semiconductor\"}]},{\"@type\":\"WebSite\",\"@id\":\"https:\/\/global.kingdee.com\/mo\/pt-pt\/#website\",\"url\":\"https:\/\/global.kingdee.com\/mo\/pt-pt\/\",\"name\":\"Kingdee International Official Website\",\"description\":\"\",\"publisher\":{\"@id\":\"https:\/\/global.kingdee.com\/mo\/pt-pt\/#organization\"},\"potentialAction\":[{\"@type\":\"SearchAction\",\"target\":{\"@type\":\"EntryPoint\",\"urlTemplate\":\"https:\/\/global.kingdee.com\/mo\/pt-pt\/?s={search_term_string}\"},\"query-input\":{\"@type\":\"PropertyValueSpecification\",\"valueRequired\":true,\"valueName\":\"search_term_string\"}}],\"inLanguage\":\"pt-PT\"},{\"@type\":\"Organization\",\"@id\":\"https:\/\/global.kingdee.com\/mo\/pt-pt\/#organization\",\"name\":\"Kingdee International Software Group Company Limited\",\"url\":\"https:\/\/global.kingdee.com\/mo\/pt-pt\/\",\"logo\":{\"@type\":\"ImageObject\",\"inLanguage\":\"pt-PT\",\"@id\":\"https:\/\/global.kingdee.com\/mo\/pt-pt\/#\/schema\/logo\/image\/\",\"url\":\"https:\/\/global.kingdee.com\/mo\/wp-content\/uploads\/sites\/5\/2025\/07\/KD-PNG.png\",\"contentUrl\":\"https:\/\/global.kingdee.com\/mo\/wp-content\/uploads\/sites\/5\/2025\/07\/KD-PNG.png\",\"width\":1492,\"height\":506,\"caption\":\"Kingdee International Software Group Company Limited\"},\"image\":{\"@id\":\"https:\/\/global.kingdee.com\/mo\/pt-pt\/#\/schema\/logo\/image\/\"},\"sameAs\":[\"https:\/\/www.facebook.com\/kingdee.official\"]}]}<\/script>\n<!-- \/ Yoast SEO plugin. -->","yoast_head_json":{"title":"Ind\u00fastria da eletr\u00f3nica e dos semicondutores","description":"No modelo Fabless, implementar vendas diretas e distribui\u00e7\u00e3o em camadas (garantindo fornecimento de bolachas e integra\u00e7\u00e3o na produ\u00e7\u00e3o externalizada); apoiar controlo de rendimento em processos complexos de semicondutores e custos em opera\u00e7\u00f5es por lotes; e no modelo IDM, possibilitar colabora\u00e7\u00e3o eficiente na cadeia e rastreabilidade multidimensional.","canonical":"https:\/\/www.kingdee.com\/mo\/pt-pt\/wp-json\/wp\/v2\/pages\/6168","og_locale":"pt_PT","og_type":"article","og_title":"Ind\u00fastria da eletr\u00f3nica e dos semicondutores","og_description":"No modelo Fabless, implementar vendas diretas e distribui\u00e7\u00e3o em camadas (garantindo fornecimento de bolachas e integra\u00e7\u00e3o na produ\u00e7\u00e3o externalizada); apoiar controlo de rendimento em processos complexos de semicondutores e custos em opera\u00e7\u00f5es por lotes; e no modelo IDM, possibilitar colabora\u00e7\u00e3o eficiente na cadeia e rastreabilidade multidimensional.","og_url":"https:\/\/global.kingdee.com\/mo\/pt-pt\/industries\/electronics-semiconductor\/","og_site_name":"Kingdee Cloud ERP &amp; Al Business Management Solutions-Kingdee Macau","article_publisher":"https:\/\/www.facebook.com\/kingdee.official","article_modified_time":"2025-09-15T07:54:58+00:00","twitter_card":"summary_large_image","schema":{"@context":"https:\/\/schema.org","@graph":[{"@type":"WebPage","@id":"https:\/\/global.kingdee.com\/mo\/pt-pt\/industries\/electronics-semiconductor\/","url":"https:\/\/global.kingdee.com\/mo\/pt-pt\/industries\/electronics-semiconductor\/","name":"Ind\u00fastria da eletr\u00f3nica e dos semicondutores","isPartOf":{"@id":"https:\/\/global.kingdee.com\/mo\/pt-pt\/#website"},"datePublished":"2025-08-11T07:19:13+00:00","dateModified":"2025-09-15T07:54:58+00:00","description":"No modelo Fabless, implementar vendas diretas e distribui\u00e7\u00e3o em camadas (garantindo fornecimento de bolachas e integra\u00e7\u00e3o na produ\u00e7\u00e3o externalizada); apoiar controlo de rendimento em processos complexos de semicondutores e custos em opera\u00e7\u00f5es por lotes; e no modelo IDM, possibilitar colabora\u00e7\u00e3o eficiente na cadeia e rastreabilidade multidimensional.","breadcrumb":{"@id":"https:\/\/global.kingdee.com\/mo\/pt-pt\/industries\/electronics-semiconductor\/#breadcrumb"},"inLanguage":"pt-PT","potentialAction":[{"@type":"ReadAction","target":["https:\/\/global.kingdee.com\/mo\/pt-pt\/industries\/electronics-semiconductor\/"]}]},{"@type":"BreadcrumbList","@id":"https:\/\/global.kingdee.com\/mo\/pt-pt\/industries\/electronics-semiconductor\/#breadcrumb","itemListElement":[{"@type":"ListItem","position":1,"name":"Home","item":"https:\/\/global.kingdee.com\/mo\/pt-pt\/"},{"@type":"ListItem","position":2,"name":"Industries","item":"https:\/\/global.kingdee.com\/mo\/pt-pt\/industries\/"},{"@type":"ListItem","position":3,"name":"Electronics semiconductor"}]},{"@type":"WebSite","@id":"https:\/\/global.kingdee.com\/mo\/pt-pt\/#website","url":"https:\/\/global.kingdee.com\/mo\/pt-pt\/","name":"Kingdee International Official Website","description":"","publisher":{"@id":"https:\/\/global.kingdee.com\/mo\/pt-pt\/#organization"},"potentialAction":[{"@type":"SearchAction","target":{"@type":"EntryPoint","urlTemplate":"https:\/\/global.kingdee.com\/mo\/pt-pt\/?s={search_term_string}"},"query-input":{"@type":"PropertyValueSpecification","valueRequired":true,"valueName":"search_term_string"}}],"inLanguage":"pt-PT"},{"@type":"Organization","@id":"https:\/\/global.kingdee.com\/mo\/pt-pt\/#organization","name":"Kingdee International Software Group Company Limited","url":"https:\/\/global.kingdee.com\/mo\/pt-pt\/","logo":{"@type":"ImageObject","inLanguage":"pt-PT","@id":"https:\/\/global.kingdee.com\/mo\/pt-pt\/#\/schema\/logo\/image\/","url":"https:\/\/global.kingdee.com\/mo\/wp-content\/uploads\/sites\/5\/2025\/07\/KD-PNG.png","contentUrl":"https:\/\/global.kingdee.com\/mo\/wp-content\/uploads\/sites\/5\/2025\/07\/KD-PNG.png","width":1492,"height":506,"caption":"Kingdee International Software Group Company Limited"},"image":{"@id":"https:\/\/global.kingdee.com\/mo\/pt-pt\/#\/schema\/logo\/image\/"},"sameAs":["https:\/\/www.facebook.com\/kingdee.official"]}]}},"_links":{"self":[{"href":"https:\/\/global.kingdee.com\/mo\/pt-pt\/wp-json\/wp\/v2\/pages\/6168","targetHints":{"allow":["GET"]}}],"collection":[{"href":"https:\/\/global.kingdee.com\/mo\/pt-pt\/wp-json\/wp\/v2\/pages"}],"about":[{"href":"https:\/\/global.kingdee.com\/mo\/pt-pt\/wp-json\/wp\/v2\/types\/page"}],"author":[{"embeddable":true,"href":"https:\/\/global.kingdee.com\/mo\/pt-pt\/wp-json\/wp\/v2\/users\/26"}],"replies":[{"embeddable":true,"href":"https:\/\/global.kingdee.com\/mo\/pt-pt\/wp-json\/wp\/v2\/comments?post=6168"}],"version-history":[{"count":0,"href":"https:\/\/global.kingdee.com\/mo\/pt-pt\/wp-json\/wp\/v2\/pages\/6168\/revisions"}],"up":[{"embeddable":true,"href":"https:\/\/global.kingdee.com\/mo\/pt-pt\/wp-json\/wp\/v2\/pages\/5487"}],"wp:attachment":[{"href":"https:\/\/global.kingdee.com\/mo\/pt-pt\/wp-json\/wp\/v2\/media?parent=6168"}],"curies":[{"name":"wp","href":"https:\/\/api.w.org\/{rel}","templated":true}]}}