{"id":5566,"date":"2025-07-09T10:20:41","date_gmt":"2025-07-09T02:20:41","guid":{"rendered":"https:\/\/global.kingdee.com\/mo\/request-a-demo\/"},"modified":"2025-12-25T12:05:05","modified_gmt":"2025-12-25T04:05:05","slug":"request-a-demo","status":"publish","type":"page","link":"https:\/\/global.kingdee.com\/mo\/pt-pt\/request-a-demo\/","title":{"rendered":"Solicite uma demonstra\u00e7\u00e3o"},"content":{"rendered":"","protected":false},"excerpt":{"rendered":"","protected":false},"author":2,"featured_media":0,"parent":0,"menu_order":0,"comment_status":"closed","ping_status":"closed","template":"contact-us.php","meta":{"footnotes":"","_links_to":"","_links_to_target":""},"class_list":["post-5566","page","type-page","status-publish","hentry"],"yoast_head":"<!-- This site is optimized with the Yoast SEO plugin v26.0 - https:\/\/yoast.com\/wordpress\/plugins\/seo\/ -->\n<title>pedir demonstra\u00e7\u00e3o \u2013 S\u00edtio Web Oficial da Kingdee International<\/title>\n<meta name=\"description\" content=\"A Kingdee Cloud fornece intelig\u00eancia artificial de gest\u00e3o empresarial para equipas e empresas, oferecendo conhecimentos interdisciplinares para proporcionar crescimento \u00e1gil e valor ilimitado.\" \/>\n<link rel=\"canonical\" href=\"https:\/\/www.kingdee.com\/mo\/pt-pt\/wp-json\/wp\/v2\/pages\/5566\" \/>\n<meta property=\"og:locale\" content=\"pt_PT\" \/>\n<meta property=\"og:type\" content=\"article\" \/>\n<meta property=\"og:title\" content=\"pedir demonstra\u00e7\u00e3o \u2013 S\u00edtio Web Oficial da Kingdee International\" \/>\n<meta property=\"og:description\" content=\"A Kingdee Cloud fornece intelig\u00eancia artificial de gest\u00e3o empresarial para equipas e empresas, oferecendo conhecimentos interdisciplinares para proporcionar crescimento \u00e1gil e valor ilimitado.\" \/>\n<meta property=\"og:url\" content=\"https:\/\/global.kingdee.com\/mo\/pt-pt\/request-a-demo\/\" \/>\n<meta property=\"og:site_name\" content=\"Kingdee Cloud ERP &amp; Al Business Management Solutions-Kingdee Macau\" \/>\n<meta property=\"article:publisher\" content=\"https:\/\/www.facebook.com\/kingdee.official\" \/>\n<meta property=\"article:modified_time\" content=\"2025-12-25T04:05:05+00:00\" \/>\n<meta name=\"twitter:card\" content=\"summary_large_image\" \/>\n<script type=\"application\/ld+json\" class=\"yoast-schema-graph\">{\"@context\":\"https:\/\/schema.org\",\"@graph\":[{\"@type\":\"WebPage\",\"@id\":\"https:\/\/global.kingdee.com\/mo\/pt-pt\/request-a-demo\/\",\"url\":\"https:\/\/global.kingdee.com\/mo\/pt-pt\/request-a-demo\/\",\"name\":\"pedir demonstra\u00e7\u00e3o \u2013 S\u00edtio Web Oficial da Kingdee International\",\"isPartOf\":{\"@id\":\"https:\/\/global.kingdee.com\/mo\/pt-pt\/#website\"},\"datePublished\":\"2025-07-09T02:20:41+00:00\",\"dateModified\":\"2025-12-25T04:05:05+00:00\",\"description\":\"A Kingdee Cloud fornece intelig\u00eancia artificial de gest\u00e3o empresarial para equipas e empresas, oferecendo conhecimentos interdisciplinares para proporcionar crescimento \u00e1gil e valor ilimitado.\",\"breadcrumb\":{\"@id\":\"https:\/\/global.kingdee.com\/mo\/pt-pt\/request-a-demo\/#breadcrumb\"},\"inLanguage\":\"pt-PT\",\"potentialAction\":[{\"@type\":\"ReadAction\",\"target\":[\"https:\/\/global.kingdee.com\/mo\/pt-pt\/request-a-demo\/\"]}]},{\"@type\":\"BreadcrumbList\",\"@id\":\"https:\/\/global.kingdee.com\/mo\/pt-pt\/request-a-demo\/#breadcrumb\",\"itemListElement\":[{\"@type\":\"ListItem\",\"position\":1,\"name\":\"Home\",\"item\":\"https:\/\/global.kingdee.com\/mo\/pt-pt\/\"},{\"@type\":\"ListItem\",\"position\":2,\"name\":\"Solicite uma demonstra\u00e7\u00e3o\"}]},{\"@type\":\"WebSite\",\"@id\":\"https:\/\/global.kingdee.com\/mo\/pt-pt\/#website\",\"url\":\"https:\/\/global.kingdee.com\/mo\/pt-pt\/\",\"name\":\"Kingdee International Official Website\",\"description\":\"\",\"publisher\":{\"@id\":\"https:\/\/global.kingdee.com\/mo\/pt-pt\/#organization\"},\"potentialAction\":[{\"@type\":\"SearchAction\",\"target\":{\"@type\":\"EntryPoint\",\"urlTemplate\":\"https:\/\/global.kingdee.com\/mo\/pt-pt\/?s={search_term_string}\"},\"query-input\":{\"@type\":\"PropertyValueSpecification\",\"valueRequired\":true,\"valueName\":\"search_term_string\"}}],\"inLanguage\":\"pt-PT\"},{\"@type\":\"Organization\",\"@id\":\"https:\/\/global.kingdee.com\/mo\/pt-pt\/#organization\",\"name\":\"Kingdee International Software Group Company Limited\",\"url\":\"https:\/\/global.kingdee.com\/mo\/pt-pt\/\",\"logo\":{\"@type\":\"ImageObject\",\"inLanguage\":\"pt-PT\",\"@id\":\"https:\/\/global.kingdee.com\/mo\/pt-pt\/#\/schema\/logo\/image\/\",\"url\":\"https:\/\/global.kingdee.com\/mo\/wp-content\/uploads\/sites\/5\/2025\/07\/KD-PNG.png\",\"contentUrl\":\"https:\/\/global.kingdee.com\/mo\/wp-content\/uploads\/sites\/5\/2025\/07\/KD-PNG.png\",\"width\":1492,\"height\":506,\"caption\":\"Kingdee International Software Group Company Limited\"},\"image\":{\"@id\":\"https:\/\/global.kingdee.com\/mo\/pt-pt\/#\/schema\/logo\/image\/\"},\"sameAs\":[\"https:\/\/www.facebook.com\/kingdee.official\"]}]}<\/script>\n<!-- \/ Yoast SEO plugin. -->","yoast_head_json":{"title":"pedir demonstra\u00e7\u00e3o \u2013 S\u00edtio Web Oficial da Kingdee International","description":"A Kingdee Cloud fornece intelig\u00eancia artificial de gest\u00e3o empresarial para equipas e empresas, oferecendo conhecimentos interdisciplinares para proporcionar crescimento \u00e1gil e valor ilimitado.","canonical":"https:\/\/www.kingdee.com\/mo\/pt-pt\/wp-json\/wp\/v2\/pages\/5566","og_locale":"pt_PT","og_type":"article","og_title":"pedir demonstra\u00e7\u00e3o \u2013 S\u00edtio Web Oficial da Kingdee International","og_description":"A Kingdee Cloud fornece intelig\u00eancia artificial de gest\u00e3o empresarial para equipas e empresas, oferecendo conhecimentos interdisciplinares para proporcionar crescimento \u00e1gil e valor ilimitado.","og_url":"https:\/\/global.kingdee.com\/mo\/pt-pt\/request-a-demo\/","og_site_name":"Kingdee Cloud ERP &amp; Al Business Management Solutions-Kingdee Macau","article_publisher":"https:\/\/www.facebook.com\/kingdee.official","article_modified_time":"2025-12-25T04:05:05+00:00","twitter_card":"summary_large_image","schema":{"@context":"https:\/\/schema.org","@graph":[{"@type":"WebPage","@id":"https:\/\/global.kingdee.com\/mo\/pt-pt\/request-a-demo\/","url":"https:\/\/global.kingdee.com\/mo\/pt-pt\/request-a-demo\/","name":"pedir demonstra\u00e7\u00e3o \u2013 S\u00edtio Web Oficial da Kingdee International","isPartOf":{"@id":"https:\/\/global.kingdee.com\/mo\/pt-pt\/#website"},"datePublished":"2025-07-09T02:20:41+00:00","dateModified":"2025-12-25T04:05:05+00:00","description":"A Kingdee Cloud fornece intelig\u00eancia artificial de gest\u00e3o empresarial para equipas e empresas, oferecendo conhecimentos interdisciplinares para proporcionar crescimento \u00e1gil e valor ilimitado.","breadcrumb":{"@id":"https:\/\/global.kingdee.com\/mo\/pt-pt\/request-a-demo\/#breadcrumb"},"inLanguage":"pt-PT","potentialAction":[{"@type":"ReadAction","target":["https:\/\/global.kingdee.com\/mo\/pt-pt\/request-a-demo\/"]}]},{"@type":"BreadcrumbList","@id":"https:\/\/global.kingdee.com\/mo\/pt-pt\/request-a-demo\/#breadcrumb","itemListElement":[{"@type":"ListItem","position":1,"name":"Home","item":"https:\/\/global.kingdee.com\/mo\/pt-pt\/"},{"@type":"ListItem","position":2,"name":"Solicite uma demonstra\u00e7\u00e3o"}]},{"@type":"WebSite","@id":"https:\/\/global.kingdee.com\/mo\/pt-pt\/#website","url":"https:\/\/global.kingdee.com\/mo\/pt-pt\/","name":"Kingdee International Official Website","description":"","publisher":{"@id":"https:\/\/global.kingdee.com\/mo\/pt-pt\/#organization"},"potentialAction":[{"@type":"SearchAction","target":{"@type":"EntryPoint","urlTemplate":"https:\/\/global.kingdee.com\/mo\/pt-pt\/?s={search_term_string}"},"query-input":{"@type":"PropertyValueSpecification","valueRequired":true,"valueName":"search_term_string"}}],"inLanguage":"pt-PT"},{"@type":"Organization","@id":"https:\/\/global.kingdee.com\/mo\/pt-pt\/#organization","name":"Kingdee International Software Group Company Limited","url":"https:\/\/global.kingdee.com\/mo\/pt-pt\/","logo":{"@type":"ImageObject","inLanguage":"pt-PT","@id":"https:\/\/global.kingdee.com\/mo\/pt-pt\/#\/schema\/logo\/image\/","url":"https:\/\/global.kingdee.com\/mo\/wp-content\/uploads\/sites\/5\/2025\/07\/KD-PNG.png","contentUrl":"https:\/\/global.kingdee.com\/mo\/wp-content\/uploads\/sites\/5\/2025\/07\/KD-PNG.png","width":1492,"height":506,"caption":"Kingdee International Software Group Company Limited"},"image":{"@id":"https:\/\/global.kingdee.com\/mo\/pt-pt\/#\/schema\/logo\/image\/"},"sameAs":["https:\/\/www.facebook.com\/kingdee.official"]}]}},"_links":{"self":[{"href":"https:\/\/global.kingdee.com\/mo\/pt-pt\/wp-json\/wp\/v2\/pages\/5566","targetHints":{"allow":["GET"]}}],"collection":[{"href":"https:\/\/global.kingdee.com\/mo\/pt-pt\/wp-json\/wp\/v2\/pages"}],"about":[{"href":"https:\/\/global.kingdee.com\/mo\/pt-pt\/wp-json\/wp\/v2\/types\/page"}],"author":[{"embeddable":true,"href":"https:\/\/global.kingdee.com\/mo\/pt-pt\/wp-json\/wp\/v2\/users\/2"}],"replies":[{"embeddable":true,"href":"https:\/\/global.kingdee.com\/mo\/pt-pt\/wp-json\/wp\/v2\/comments?post=5566"}],"version-history":[{"count":0,"href":"https:\/\/global.kingdee.com\/mo\/pt-pt\/wp-json\/wp\/v2\/pages\/5566\/revisions"}],"wp:attachment":[{"href":"https:\/\/global.kingdee.com\/mo\/pt-pt\/wp-json\/wp\/v2\/media?parent=5566"}],"curies":[{"name":"wp","href":"https:\/\/api.w.org\/{rel}","templated":true}]}}