{"id":5487,"date":"2025-07-17T21:40:39","date_gmt":"2025-07-17T13:40:39","guid":{"rendered":"https:\/\/global.kingdee.com\/mo\/industries\/"},"modified":"2025-09-15T10:34:24","modified_gmt":"2025-09-15T02:34:24","slug":"industries","status":"publish","type":"page","link":"https:\/\/global.kingdee.com\/mo\/pt-pt\/industries\/","title":{"rendered":"Industries"},"content":{"rendered":"","protected":false},"excerpt":{"rendered":"","protected":false},"author":6,"featured_media":0,"parent":0,"menu_order":0,"comment_status":"closed","ping_status":"closed","template":"product.php","meta":{"footnotes":"","_links_to":"","_links_to_target":""},"class_list":["post-5487","page","type-page","status-publish","hentry"],"yoast_head":"<!-- This site is optimized with the Yoast SEO plugin v26.0 - https:\/\/yoast.com\/wordpress\/plugins\/seo\/ -->\n<title>Solu\u00e7\u00f5es para a Ind\u00fastria \u2013 Solu\u00e7\u00f5es de Transforma\u00e7\u00e3o Digital \u2013 S\u00edtio Web Oficial da Kingdee International<\/title>\n<meta name=\"description\" content=\"As Solu\u00e7\u00f5es Industriais Kingdee s\u00e3o uma solu\u00e7\u00e3o personalizada que simplifica opera\u00e7\u00f5es, melhora a rentabilidade, promove a inova\u00e7\u00e3o e permite que as empresas superem desafios espec\u00edficos da ind\u00fastria e obtenham uma vantagem competitiva.\" \/>\n<link rel=\"canonical\" href=\"https:\/\/www.kingdee.com\/mo\/pt-pt\/wp-json\/wp\/v2\/pages\/5487\" \/>\n<meta property=\"og:locale\" content=\"pt_PT\" \/>\n<meta property=\"og:type\" content=\"article\" \/>\n<meta property=\"og:title\" content=\"Solu\u00e7\u00f5es para a Ind\u00fastria \u2013 Solu\u00e7\u00f5es de Transforma\u00e7\u00e3o Digital \u2013 S\u00edtio Web Oficial da Kingdee International\" \/>\n<meta property=\"og:description\" content=\"As Solu\u00e7\u00f5es Industriais Kingdee s\u00e3o uma solu\u00e7\u00e3o personalizada que simplifica opera\u00e7\u00f5es, melhora a rentabilidade, promove a inova\u00e7\u00e3o e permite que as empresas superem desafios espec\u00edficos da ind\u00fastria e obtenham uma vantagem competitiva.\" \/>\n<meta property=\"og:url\" content=\"https:\/\/global.kingdee.com\/mo\/pt-pt\/industries\/\" \/>\n<meta property=\"og:site_name\" content=\"Kingdee Cloud ERP &amp; Al Business Management Solutions-Kingdee Macau\" \/>\n<meta property=\"article:publisher\" content=\"https:\/\/www.facebook.com\/kingdee.official\" \/>\n<meta property=\"article:modified_time\" content=\"2025-09-15T02:34:24+00:00\" \/>\n<meta name=\"twitter:card\" content=\"summary_large_image\" \/>\n<script type=\"application\/ld+json\" class=\"yoast-schema-graph\">{\"@context\":\"https:\/\/schema.org\",\"@graph\":[{\"@type\":\"WebPage\",\"@id\":\"https:\/\/global.kingdee.com\/mo\/pt-pt\/industries\/\",\"url\":\"https:\/\/global.kingdee.com\/mo\/pt-pt\/industries\/\",\"name\":\"Solu\u00e7\u00f5es para a Ind\u00fastria \u2013 Solu\u00e7\u00f5es de Transforma\u00e7\u00e3o Digital \u2013 S\u00edtio Web Oficial da Kingdee International\",\"isPartOf\":{\"@id\":\"https:\/\/global.kingdee.com\/mo\/pt-pt\/#website\"},\"datePublished\":\"2025-07-17T13:40:39+00:00\",\"dateModified\":\"2025-09-15T02:34:24+00:00\",\"description\":\"As Solu\u00e7\u00f5es Industriais Kingdee s\u00e3o uma solu\u00e7\u00e3o personalizada que simplifica opera\u00e7\u00f5es, melhora a rentabilidade, promove a inova\u00e7\u00e3o e permite que as empresas superem desafios espec\u00edficos da ind\u00fastria e obtenham uma vantagem competitiva.\",\"breadcrumb\":{\"@id\":\"https:\/\/global.kingdee.com\/mo\/pt-pt\/industries\/#breadcrumb\"},\"inLanguage\":\"pt-PT\",\"potentialAction\":[{\"@type\":\"ReadAction\",\"target\":[\"https:\/\/global.kingdee.com\/mo\/pt-pt\/industries\/\"]}]},{\"@type\":\"BreadcrumbList\",\"@id\":\"https:\/\/global.kingdee.com\/mo\/pt-pt\/industries\/#breadcrumb\",\"itemListElement\":[{\"@type\":\"ListItem\",\"position\":1,\"name\":\"Home\",\"item\":\"https:\/\/global.kingdee.com\/mo\/pt-pt\/\"},{\"@type\":\"ListItem\",\"position\":2,\"name\":\"Industries\"}]},{\"@type\":\"WebSite\",\"@id\":\"https:\/\/global.kingdee.com\/mo\/pt-pt\/#website\",\"url\":\"https:\/\/global.kingdee.com\/mo\/pt-pt\/\",\"name\":\"Kingdee International Official Website\",\"description\":\"\",\"publisher\":{\"@id\":\"https:\/\/global.kingdee.com\/mo\/pt-pt\/#organization\"},\"potentialAction\":[{\"@type\":\"SearchAction\",\"target\":{\"@type\":\"EntryPoint\",\"urlTemplate\":\"https:\/\/global.kingdee.com\/mo\/pt-pt\/?s={search_term_string}\"},\"query-input\":{\"@type\":\"PropertyValueSpecification\",\"valueRequired\":true,\"valueName\":\"search_term_string\"}}],\"inLanguage\":\"pt-PT\"},{\"@type\":\"Organization\",\"@id\":\"https:\/\/global.kingdee.com\/mo\/pt-pt\/#organization\",\"name\":\"Kingdee International Software Group Company Limited\",\"url\":\"https:\/\/global.kingdee.com\/mo\/pt-pt\/\",\"logo\":{\"@type\":\"ImageObject\",\"inLanguage\":\"pt-PT\",\"@id\":\"https:\/\/global.kingdee.com\/mo\/pt-pt\/#\/schema\/logo\/image\/\",\"url\":\"https:\/\/global.kingdee.com\/mo\/wp-content\/uploads\/sites\/5\/2025\/07\/KD-PNG.png\",\"contentUrl\":\"https:\/\/global.kingdee.com\/mo\/wp-content\/uploads\/sites\/5\/2025\/07\/KD-PNG.png\",\"width\":1492,\"height\":506,\"caption\":\"Kingdee International Software Group Company Limited\"},\"image\":{\"@id\":\"https:\/\/global.kingdee.com\/mo\/pt-pt\/#\/schema\/logo\/image\/\"},\"sameAs\":[\"https:\/\/www.facebook.com\/kingdee.official\"]}]}<\/script>\n<!-- \/ Yoast SEO plugin. -->","yoast_head_json":{"title":"Solu\u00e7\u00f5es para a Ind\u00fastria \u2013 Solu\u00e7\u00f5es de Transforma\u00e7\u00e3o Digital \u2013 S\u00edtio Web Oficial da Kingdee International","description":"As Solu\u00e7\u00f5es Industriais Kingdee s\u00e3o uma solu\u00e7\u00e3o personalizada que simplifica opera\u00e7\u00f5es, melhora a rentabilidade, promove a inova\u00e7\u00e3o e permite que as empresas superem desafios espec\u00edficos da ind\u00fastria e obtenham uma vantagem competitiva.","canonical":"https:\/\/www.kingdee.com\/mo\/pt-pt\/wp-json\/wp\/v2\/pages\/5487","og_locale":"pt_PT","og_type":"article","og_title":"Solu\u00e7\u00f5es para a Ind\u00fastria \u2013 Solu\u00e7\u00f5es de Transforma\u00e7\u00e3o Digital \u2013 S\u00edtio Web Oficial da Kingdee International","og_description":"As Solu\u00e7\u00f5es Industriais Kingdee s\u00e3o uma solu\u00e7\u00e3o personalizada que simplifica opera\u00e7\u00f5es, melhora a rentabilidade, promove a inova\u00e7\u00e3o e permite que as empresas superem desafios espec\u00edficos da ind\u00fastria e obtenham uma vantagem competitiva.","og_url":"https:\/\/global.kingdee.com\/mo\/pt-pt\/industries\/","og_site_name":"Kingdee Cloud ERP &amp; Al Business Management Solutions-Kingdee Macau","article_publisher":"https:\/\/www.facebook.com\/kingdee.official","article_modified_time":"2025-09-15T02:34:24+00:00","twitter_card":"summary_large_image","schema":{"@context":"https:\/\/schema.org","@graph":[{"@type":"WebPage","@id":"https:\/\/global.kingdee.com\/mo\/pt-pt\/industries\/","url":"https:\/\/global.kingdee.com\/mo\/pt-pt\/industries\/","name":"Solu\u00e7\u00f5es para a Ind\u00fastria \u2013 Solu\u00e7\u00f5es de Transforma\u00e7\u00e3o Digital \u2013 S\u00edtio Web Oficial da Kingdee International","isPartOf":{"@id":"https:\/\/global.kingdee.com\/mo\/pt-pt\/#website"},"datePublished":"2025-07-17T13:40:39+00:00","dateModified":"2025-09-15T02:34:24+00:00","description":"As Solu\u00e7\u00f5es Industriais Kingdee s\u00e3o uma solu\u00e7\u00e3o personalizada que simplifica opera\u00e7\u00f5es, melhora a rentabilidade, promove a inova\u00e7\u00e3o e permite que as empresas superem desafios espec\u00edficos da ind\u00fastria e obtenham uma vantagem competitiva.","breadcrumb":{"@id":"https:\/\/global.kingdee.com\/mo\/pt-pt\/industries\/#breadcrumb"},"inLanguage":"pt-PT","potentialAction":[{"@type":"ReadAction","target":["https:\/\/global.kingdee.com\/mo\/pt-pt\/industries\/"]}]},{"@type":"BreadcrumbList","@id":"https:\/\/global.kingdee.com\/mo\/pt-pt\/industries\/#breadcrumb","itemListElement":[{"@type":"ListItem","position":1,"name":"Home","item":"https:\/\/global.kingdee.com\/mo\/pt-pt\/"},{"@type":"ListItem","position":2,"name":"Industries"}]},{"@type":"WebSite","@id":"https:\/\/global.kingdee.com\/mo\/pt-pt\/#website","url":"https:\/\/global.kingdee.com\/mo\/pt-pt\/","name":"Kingdee International Official Website","description":"","publisher":{"@id":"https:\/\/global.kingdee.com\/mo\/pt-pt\/#organization"},"potentialAction":[{"@type":"SearchAction","target":{"@type":"EntryPoint","urlTemplate":"https:\/\/global.kingdee.com\/mo\/pt-pt\/?s={search_term_string}"},"query-input":{"@type":"PropertyValueSpecification","valueRequired":true,"valueName":"search_term_string"}}],"inLanguage":"pt-PT"},{"@type":"Organization","@id":"https:\/\/global.kingdee.com\/mo\/pt-pt\/#organization","name":"Kingdee International Software Group Company Limited","url":"https:\/\/global.kingdee.com\/mo\/pt-pt\/","logo":{"@type":"ImageObject","inLanguage":"pt-PT","@id":"https:\/\/global.kingdee.com\/mo\/pt-pt\/#\/schema\/logo\/image\/","url":"https:\/\/global.kingdee.com\/mo\/wp-content\/uploads\/sites\/5\/2025\/07\/KD-PNG.png","contentUrl":"https:\/\/global.kingdee.com\/mo\/wp-content\/uploads\/sites\/5\/2025\/07\/KD-PNG.png","width":1492,"height":506,"caption":"Kingdee International Software Group Company Limited"},"image":{"@id":"https:\/\/global.kingdee.com\/mo\/pt-pt\/#\/schema\/logo\/image\/"},"sameAs":["https:\/\/www.facebook.com\/kingdee.official"]}]}},"_links":{"self":[{"href":"https:\/\/global.kingdee.com\/mo\/pt-pt\/wp-json\/wp\/v2\/pages\/5487","targetHints":{"allow":["GET"]}}],"collection":[{"href":"https:\/\/global.kingdee.com\/mo\/pt-pt\/wp-json\/wp\/v2\/pages"}],"about":[{"href":"https:\/\/global.kingdee.com\/mo\/pt-pt\/wp-json\/wp\/v2\/types\/page"}],"author":[{"embeddable":true,"href":"https:\/\/global.kingdee.com\/mo\/pt-pt\/wp-json\/wp\/v2\/users\/6"}],"replies":[{"embeddable":true,"href":"https:\/\/global.kingdee.com\/mo\/pt-pt\/wp-json\/wp\/v2\/comments?post=5487"}],"version-history":[{"count":0,"href":"https:\/\/global.kingdee.com\/mo\/pt-pt\/wp-json\/wp\/v2\/pages\/5487\/revisions"}],"wp:attachment":[{"href":"https:\/\/global.kingdee.com\/mo\/pt-pt\/wp-json\/wp\/v2\/media?parent=5487"}],"curies":[{"name":"wp","href":"https:\/\/api.w.org\/{rel}","templated":true}]}}