{"id":5484,"date":"2025-07-08T07:33:48","date_gmt":"2025-07-07T23:33:48","guid":{"rendered":"https:\/\/global.kingdee.com\/mo\/executives\/"},"modified":"2025-09-14T17:02:48","modified_gmt":"2025-09-14T09:02:48","slug":"executives","status":"publish","type":"page","link":"https:\/\/global.kingdee.com\/mo\/pt-pt\/executives\/","title":{"rendered":"Executive Leadership"},"content":{"rendered":"","protected":false},"excerpt":{"rendered":"","protected":false},"author":2,"featured_media":0,"parent":0,"menu_order":0,"comment_status":"closed","ping_status":"closed","template":"directors.php","meta":{"footnotes":"","_links_to":"","_links_to_target":""},"class_list":["post-5484","page","type-page","status-publish","hentry"],"yoast_head":"<!-- This site is optimized with the Yoast SEO plugin v26.0 - https:\/\/yoast.com\/wordpress\/plugins\/seo\/ -->\n<title>Lideran\u00e7a Executiva \u2013 S\u00edtio Web Oficial da Kingdee International<\/title>\n<meta name=\"description\" content=\"A equipa de gest\u00e3o do Grupo Kingdee \u00e9 composta principalmente por Xu Shaochun como fundador, Lin Bo como diretor executivo, Dong Mingzhu e Gary Clark Biddle como administradores n\u00e3o executivos, Zhou Junxiang, Bo Lianming e Xin Rong como administradores independentes n\u00e3o executivos, e Zhang Yong como presidente do Grupo Kingdee, o que tornou a Kingdee um grupo s\u00f3lido.\" \/>\n<link rel=\"canonical\" href=\"https:\/\/www.kingdee.com\/mo\/pt-pt\/wp-json\/wp\/v2\/pages\/5484\" \/>\n<meta property=\"og:locale\" content=\"pt_PT\" \/>\n<meta property=\"og:type\" content=\"article\" \/>\n<meta property=\"og:title\" content=\"Lideran\u00e7a Executiva \u2013 S\u00edtio Web Oficial da Kingdee International\" \/>\n<meta property=\"og:description\" content=\"A equipa de gest\u00e3o do Grupo Kingdee \u00e9 composta principalmente por Xu Shaochun como fundador, Lin Bo como diretor executivo, Dong Mingzhu e Gary Clark Biddle como administradores n\u00e3o executivos, Zhou Junxiang, Bo Lianming e Xin Rong como administradores independentes n\u00e3o executivos, e Zhang Yong como presidente do Grupo Kingdee, o que tornou a Kingdee um grupo s\u00f3lido.\" \/>\n<meta property=\"og:url\" content=\"https:\/\/global.kingdee.com\/mo\/pt-pt\/executives\/\" \/>\n<meta property=\"og:site_name\" content=\"Kingdee Cloud ERP &amp; Al Business Management Solutions-Kingdee Macau\" \/>\n<meta property=\"article:publisher\" content=\"https:\/\/www.facebook.com\/kingdee.official\" \/>\n<meta property=\"article:modified_time\" content=\"2025-09-14T09:02:48+00:00\" \/>\n<meta name=\"twitter:card\" content=\"summary_large_image\" \/>\n<script type=\"application\/ld+json\" class=\"yoast-schema-graph\">{\"@context\":\"https:\/\/schema.org\",\"@graph\":[{\"@type\":\"WebPage\",\"@id\":\"https:\/\/global.kingdee.com\/mo\/pt-pt\/executives\/\",\"url\":\"https:\/\/global.kingdee.com\/mo\/pt-pt\/executives\/\",\"name\":\"Lideran\u00e7a Executiva \u2013 S\u00edtio Web Oficial da Kingdee International\",\"isPartOf\":{\"@id\":\"https:\/\/global.kingdee.com\/mo\/pt-pt\/#website\"},\"datePublished\":\"2025-07-07T23:33:48+00:00\",\"dateModified\":\"2025-09-14T09:02:48+00:00\",\"description\":\"A equipa de gest\u00e3o do Grupo Kingdee \u00e9 composta principalmente por Xu Shaochun como fundador, Lin Bo como diretor executivo, Dong Mingzhu e Gary Clark Biddle como administradores n\u00e3o executivos, Zhou Junxiang, Bo Lianming e Xin Rong como administradores independentes n\u00e3o executivos, e Zhang Yong como presidente do Grupo Kingdee, o que tornou a Kingdee um grupo s\u00f3lido.\",\"breadcrumb\":{\"@id\":\"https:\/\/global.kingdee.com\/mo\/pt-pt\/executives\/#breadcrumb\"},\"inLanguage\":\"pt-PT\",\"potentialAction\":[{\"@type\":\"ReadAction\",\"target\":[\"https:\/\/global.kingdee.com\/mo\/pt-pt\/executives\/\"]}]},{\"@type\":\"BreadcrumbList\",\"@id\":\"https:\/\/global.kingdee.com\/mo\/pt-pt\/executives\/#breadcrumb\",\"itemListElement\":[{\"@type\":\"ListItem\",\"position\":1,\"name\":\"Home\",\"item\":\"https:\/\/global.kingdee.com\/mo\/pt-pt\/\"},{\"@type\":\"ListItem\",\"position\":2,\"name\":\"Executive Leadership\"}]},{\"@type\":\"WebSite\",\"@id\":\"https:\/\/global.kingdee.com\/mo\/pt-pt\/#website\",\"url\":\"https:\/\/global.kingdee.com\/mo\/pt-pt\/\",\"name\":\"Kingdee International Official Website\",\"description\":\"\",\"publisher\":{\"@id\":\"https:\/\/global.kingdee.com\/mo\/pt-pt\/#organization\"},\"potentialAction\":[{\"@type\":\"SearchAction\",\"target\":{\"@type\":\"EntryPoint\",\"urlTemplate\":\"https:\/\/global.kingdee.com\/mo\/pt-pt\/?s={search_term_string}\"},\"query-input\":{\"@type\":\"PropertyValueSpecification\",\"valueRequired\":true,\"valueName\":\"search_term_string\"}}],\"inLanguage\":\"pt-PT\"},{\"@type\":\"Organization\",\"@id\":\"https:\/\/global.kingdee.com\/mo\/pt-pt\/#organization\",\"name\":\"Kingdee International Software Group Company Limited\",\"url\":\"https:\/\/global.kingdee.com\/mo\/pt-pt\/\",\"logo\":{\"@type\":\"ImageObject\",\"inLanguage\":\"pt-PT\",\"@id\":\"https:\/\/global.kingdee.com\/mo\/pt-pt\/#\/schema\/logo\/image\/\",\"url\":\"https:\/\/global.kingdee.com\/mo\/wp-content\/uploads\/sites\/5\/2025\/07\/KD-PNG.png\",\"contentUrl\":\"https:\/\/global.kingdee.com\/mo\/wp-content\/uploads\/sites\/5\/2025\/07\/KD-PNG.png\",\"width\":1492,\"height\":506,\"caption\":\"Kingdee International Software Group Company Limited\"},\"image\":{\"@id\":\"https:\/\/global.kingdee.com\/mo\/pt-pt\/#\/schema\/logo\/image\/\"},\"sameAs\":[\"https:\/\/www.facebook.com\/kingdee.official\"]}]}<\/script>\n<!-- \/ Yoast SEO plugin. -->","yoast_head_json":{"title":"Lideran\u00e7a Executiva \u2013 S\u00edtio Web Oficial da Kingdee International","description":"A equipa de gest\u00e3o do Grupo Kingdee \u00e9 composta principalmente por Xu Shaochun como fundador, Lin Bo como diretor executivo, Dong Mingzhu e Gary Clark Biddle como administradores n\u00e3o executivos, Zhou Junxiang, Bo Lianming e Xin Rong como administradores independentes n\u00e3o executivos, e Zhang Yong como presidente do Grupo Kingdee, o que tornou a Kingdee um grupo s\u00f3lido.","canonical":"https:\/\/www.kingdee.com\/mo\/pt-pt\/wp-json\/wp\/v2\/pages\/5484","og_locale":"pt_PT","og_type":"article","og_title":"Lideran\u00e7a Executiva \u2013 S\u00edtio Web Oficial da Kingdee International","og_description":"A equipa de gest\u00e3o do Grupo Kingdee \u00e9 composta principalmente por Xu Shaochun como fundador, Lin Bo como diretor executivo, Dong Mingzhu e Gary Clark Biddle como administradores n\u00e3o executivos, Zhou Junxiang, Bo Lianming e Xin Rong como administradores independentes n\u00e3o executivos, e Zhang Yong como presidente do Grupo Kingdee, o que tornou a Kingdee um grupo s\u00f3lido.","og_url":"https:\/\/global.kingdee.com\/mo\/pt-pt\/executives\/","og_site_name":"Kingdee Cloud ERP &amp; Al Business Management Solutions-Kingdee Macau","article_publisher":"https:\/\/www.facebook.com\/kingdee.official","article_modified_time":"2025-09-14T09:02:48+00:00","twitter_card":"summary_large_image","schema":{"@context":"https:\/\/schema.org","@graph":[{"@type":"WebPage","@id":"https:\/\/global.kingdee.com\/mo\/pt-pt\/executives\/","url":"https:\/\/global.kingdee.com\/mo\/pt-pt\/executives\/","name":"Lideran\u00e7a Executiva \u2013 S\u00edtio Web Oficial da Kingdee International","isPartOf":{"@id":"https:\/\/global.kingdee.com\/mo\/pt-pt\/#website"},"datePublished":"2025-07-07T23:33:48+00:00","dateModified":"2025-09-14T09:02:48+00:00","description":"A equipa de gest\u00e3o do Grupo Kingdee \u00e9 composta principalmente por Xu Shaochun como fundador, Lin Bo como diretor executivo, Dong Mingzhu e Gary Clark Biddle como administradores n\u00e3o executivos, Zhou Junxiang, Bo Lianming e Xin Rong como administradores independentes n\u00e3o executivos, e Zhang Yong como presidente do Grupo Kingdee, o que tornou a Kingdee um grupo s\u00f3lido.","breadcrumb":{"@id":"https:\/\/global.kingdee.com\/mo\/pt-pt\/executives\/#breadcrumb"},"inLanguage":"pt-PT","potentialAction":[{"@type":"ReadAction","target":["https:\/\/global.kingdee.com\/mo\/pt-pt\/executives\/"]}]},{"@type":"BreadcrumbList","@id":"https:\/\/global.kingdee.com\/mo\/pt-pt\/executives\/#breadcrumb","itemListElement":[{"@type":"ListItem","position":1,"name":"Home","item":"https:\/\/global.kingdee.com\/mo\/pt-pt\/"},{"@type":"ListItem","position":2,"name":"Executive Leadership"}]},{"@type":"WebSite","@id":"https:\/\/global.kingdee.com\/mo\/pt-pt\/#website","url":"https:\/\/global.kingdee.com\/mo\/pt-pt\/","name":"Kingdee International Official Website","description":"","publisher":{"@id":"https:\/\/global.kingdee.com\/mo\/pt-pt\/#organization"},"potentialAction":[{"@type":"SearchAction","target":{"@type":"EntryPoint","urlTemplate":"https:\/\/global.kingdee.com\/mo\/pt-pt\/?s={search_term_string}"},"query-input":{"@type":"PropertyValueSpecification","valueRequired":true,"valueName":"search_term_string"}}],"inLanguage":"pt-PT"},{"@type":"Organization","@id":"https:\/\/global.kingdee.com\/mo\/pt-pt\/#organization","name":"Kingdee International Software Group Company Limited","url":"https:\/\/global.kingdee.com\/mo\/pt-pt\/","logo":{"@type":"ImageObject","inLanguage":"pt-PT","@id":"https:\/\/global.kingdee.com\/mo\/pt-pt\/#\/schema\/logo\/image\/","url":"https:\/\/global.kingdee.com\/mo\/wp-content\/uploads\/sites\/5\/2025\/07\/KD-PNG.png","contentUrl":"https:\/\/global.kingdee.com\/mo\/wp-content\/uploads\/sites\/5\/2025\/07\/KD-PNG.png","width":1492,"height":506,"caption":"Kingdee International Software Group Company Limited"},"image":{"@id":"https:\/\/global.kingdee.com\/mo\/pt-pt\/#\/schema\/logo\/image\/"},"sameAs":["https:\/\/www.facebook.com\/kingdee.official"]}]}},"_links":{"self":[{"href":"https:\/\/global.kingdee.com\/mo\/pt-pt\/wp-json\/wp\/v2\/pages\/5484","targetHints":{"allow":["GET"]}}],"collection":[{"href":"https:\/\/global.kingdee.com\/mo\/pt-pt\/wp-json\/wp\/v2\/pages"}],"about":[{"href":"https:\/\/global.kingdee.com\/mo\/pt-pt\/wp-json\/wp\/v2\/types\/page"}],"author":[{"embeddable":true,"href":"https:\/\/global.kingdee.com\/mo\/pt-pt\/wp-json\/wp\/v2\/users\/2"}],"replies":[{"embeddable":true,"href":"https:\/\/global.kingdee.com\/mo\/pt-pt\/wp-json\/wp\/v2\/comments?post=5484"}],"version-history":[{"count":0,"href":"https:\/\/global.kingdee.com\/mo\/pt-pt\/wp-json\/wp\/v2\/pages\/5484\/revisions"}],"wp:attachment":[{"href":"https:\/\/global.kingdee.com\/mo\/pt-pt\/wp-json\/wp\/v2\/media?parent=5484"}],"curies":[{"name":"wp","href":"https:\/\/api.w.org\/{rel}","templated":true}]}}