{"id":5476,"date":"2025-07-08T11:05:04","date_gmt":"2025-07-08T03:05:04","guid":{"rendered":"https:\/\/global.kingdee.com\/mo\/esg\/"},"modified":"2025-12-30T19:15:37","modified_gmt":"2025-12-30T11:15:37","slug":"esg","status":"publish","type":"page","link":"https:\/\/global.kingdee.com\/mo\/pt-pt\/esg\/","title":{"rendered":"ESG"},"content":{"rendered":"","protected":false},"excerpt":{"rendered":"","protected":false},"author":2,"featured_media":0,"parent":0,"menu_order":0,"comment_status":"closed","ping_status":"closed","template":"esg.php","meta":{"footnotes":"","_links_to":"","_links_to_target":""},"class_list":["post-5476","page","type-page","status-publish","hentry"],"yoast_head":"<!-- This site is optimized with the Yoast SEO plugin v26.0 - https:\/\/yoast.com\/wordpress\/plugins\/seo\/ -->\n<title>ASG \u2013 S\u00edtio Web Oficial da Kingdee International<\/title>\n<meta name=\"description\" content=\"ESG (Ambiental, Social e de Governa\u00e7\u00e3o),avalia a sustentabilidade das opera\u00e7\u00f5es empresariais e o seu impacto nos valores sociais a partir de tr\u00eas dimens\u00f5es: ambiental, social e de governa\u00e7\u00e3o empresarial. Como empresa l\u00edder em gest\u00e3o empresarial na nuvem, a Kingdee d\u00e1 especial aten\u00e7\u00e3o \u00e0 prote\u00e7\u00e3o do ambiente ecol\u00f3gico, cumpre responsabilidades sociais e melhora continuamente o seu n\u00edvel de governa\u00e7\u00e3o, ao mesmo tempo que lidera o desenvolvimento da ind\u00fastria.\" \/>\n<link rel=\"canonical\" href=\"https:\/\/www.kingdee.com\/mo\/pt-pt\/wp-json\/wp\/v2\/pages\/5476\" \/>\n<meta property=\"og:locale\" content=\"pt_PT\" \/>\n<meta property=\"og:type\" content=\"article\" \/>\n<meta property=\"og:title\" content=\"ASG \u2013 S\u00edtio Web Oficial da Kingdee International\" \/>\n<meta property=\"og:description\" content=\"ESG (Ambiental, Social e de Governa\u00e7\u00e3o),avalia a sustentabilidade das opera\u00e7\u00f5es empresariais e o seu impacto nos valores sociais a partir de tr\u00eas dimens\u00f5es: ambiental, social e de governa\u00e7\u00e3o empresarial. Como empresa l\u00edder em gest\u00e3o empresarial na nuvem, a Kingdee d\u00e1 especial aten\u00e7\u00e3o \u00e0 prote\u00e7\u00e3o do ambiente ecol\u00f3gico, cumpre responsabilidades sociais e melhora continuamente o seu n\u00edvel de governa\u00e7\u00e3o, ao mesmo tempo que lidera o desenvolvimento da ind\u00fastria.\" \/>\n<meta property=\"og:url\" content=\"https:\/\/global.kingdee.com\/mo\/pt-pt\/esg\/\" \/>\n<meta property=\"og:site_name\" content=\"Kingdee Cloud ERP &amp; Al Business Management Solutions-Kingdee Macau\" \/>\n<meta property=\"article:publisher\" content=\"https:\/\/www.facebook.com\/kingdee.official\" \/>\n<meta property=\"article:modified_time\" content=\"2025-12-30T11:15:37+00:00\" \/>\n<meta name=\"twitter:card\" content=\"summary_large_image\" \/>\n<script type=\"application\/ld+json\" class=\"yoast-schema-graph\">{\"@context\":\"https:\/\/schema.org\",\"@graph\":[{\"@type\":\"WebPage\",\"@id\":\"https:\/\/global.kingdee.com\/mo\/pt-pt\/esg\/\",\"url\":\"https:\/\/global.kingdee.com\/mo\/pt-pt\/esg\/\",\"name\":\"ASG \u2013 S\u00edtio Web Oficial da Kingdee International\",\"isPartOf\":{\"@id\":\"https:\/\/global.kingdee.com\/mo\/pt-pt\/#website\"},\"datePublished\":\"2025-07-08T03:05:04+00:00\",\"dateModified\":\"2025-12-30T11:15:37+00:00\",\"description\":\"ESG (Ambiental, Social e de Governa\u00e7\u00e3o),avalia a sustentabilidade das opera\u00e7\u00f5es empresariais e o seu impacto nos valores sociais a partir de tr\u00eas dimens\u00f5es: ambiental, social e de governa\u00e7\u00e3o empresarial. Como empresa l\u00edder em gest\u00e3o empresarial na nuvem, a Kingdee d\u00e1 especial aten\u00e7\u00e3o \u00e0 prote\u00e7\u00e3o do ambiente ecol\u00f3gico, cumpre responsabilidades sociais e melhora continuamente o seu n\u00edvel de governa\u00e7\u00e3o, ao mesmo tempo que lidera o desenvolvimento da ind\u00fastria.\",\"breadcrumb\":{\"@id\":\"https:\/\/global.kingdee.com\/mo\/pt-pt\/esg\/#breadcrumb\"},\"inLanguage\":\"pt-PT\",\"potentialAction\":[{\"@type\":\"ReadAction\",\"target\":[\"https:\/\/global.kingdee.com\/mo\/pt-pt\/esg\/\"]}]},{\"@type\":\"BreadcrumbList\",\"@id\":\"https:\/\/global.kingdee.com\/mo\/pt-pt\/esg\/#breadcrumb\",\"itemListElement\":[{\"@type\":\"ListItem\",\"position\":1,\"name\":\"Home\",\"item\":\"https:\/\/global.kingdee.com\/mo\/pt-pt\/\"},{\"@type\":\"ListItem\",\"position\":2,\"name\":\"ESG\"}]},{\"@type\":\"WebSite\",\"@id\":\"https:\/\/global.kingdee.com\/mo\/pt-pt\/#website\",\"url\":\"https:\/\/global.kingdee.com\/mo\/pt-pt\/\",\"name\":\"Kingdee International Official Website\",\"description\":\"\",\"publisher\":{\"@id\":\"https:\/\/global.kingdee.com\/mo\/pt-pt\/#organization\"},\"potentialAction\":[{\"@type\":\"SearchAction\",\"target\":{\"@type\":\"EntryPoint\",\"urlTemplate\":\"https:\/\/global.kingdee.com\/mo\/pt-pt\/?s={search_term_string}\"},\"query-input\":{\"@type\":\"PropertyValueSpecification\",\"valueRequired\":true,\"valueName\":\"search_term_string\"}}],\"inLanguage\":\"pt-PT\"},{\"@type\":\"Organization\",\"@id\":\"https:\/\/global.kingdee.com\/mo\/pt-pt\/#organization\",\"name\":\"Kingdee International Software Group Company Limited\",\"url\":\"https:\/\/global.kingdee.com\/mo\/pt-pt\/\",\"logo\":{\"@type\":\"ImageObject\",\"inLanguage\":\"pt-PT\",\"@id\":\"https:\/\/global.kingdee.com\/mo\/pt-pt\/#\/schema\/logo\/image\/\",\"url\":\"https:\/\/global.kingdee.com\/mo\/wp-content\/uploads\/sites\/5\/2025\/07\/KD-PNG.png\",\"contentUrl\":\"https:\/\/global.kingdee.com\/mo\/wp-content\/uploads\/sites\/5\/2025\/07\/KD-PNG.png\",\"width\":1492,\"height\":506,\"caption\":\"Kingdee International Software Group Company Limited\"},\"image\":{\"@id\":\"https:\/\/global.kingdee.com\/mo\/pt-pt\/#\/schema\/logo\/image\/\"},\"sameAs\":[\"https:\/\/www.facebook.com\/kingdee.official\"]}]}<\/script>\n<!-- \/ Yoast SEO plugin. -->","yoast_head_json":{"title":"ASG \u2013 S\u00edtio Web Oficial da Kingdee International","description":"ESG (Ambiental, Social e de Governa\u00e7\u00e3o),avalia a sustentabilidade das opera\u00e7\u00f5es empresariais e o seu impacto nos valores sociais a partir de tr\u00eas dimens\u00f5es: ambiental, social e de governa\u00e7\u00e3o empresarial. Como empresa l\u00edder em gest\u00e3o empresarial na nuvem, a Kingdee d\u00e1 especial aten\u00e7\u00e3o \u00e0 prote\u00e7\u00e3o do ambiente ecol\u00f3gico, cumpre responsabilidades sociais e melhora continuamente o seu n\u00edvel de governa\u00e7\u00e3o, ao mesmo tempo que lidera o desenvolvimento da ind\u00fastria.","canonical":"https:\/\/www.kingdee.com\/mo\/pt-pt\/wp-json\/wp\/v2\/pages\/5476","og_locale":"pt_PT","og_type":"article","og_title":"ASG \u2013 S\u00edtio Web Oficial da Kingdee International","og_description":"ESG (Ambiental, Social e de Governa\u00e7\u00e3o),avalia a sustentabilidade das opera\u00e7\u00f5es empresariais e o seu impacto nos valores sociais a partir de tr\u00eas dimens\u00f5es: ambiental, social e de governa\u00e7\u00e3o empresarial. Como empresa l\u00edder em gest\u00e3o empresarial na nuvem, a Kingdee d\u00e1 especial aten\u00e7\u00e3o \u00e0 prote\u00e7\u00e3o do ambiente ecol\u00f3gico, cumpre responsabilidades sociais e melhora continuamente o seu n\u00edvel de governa\u00e7\u00e3o, ao mesmo tempo que lidera o desenvolvimento da ind\u00fastria.","og_url":"https:\/\/global.kingdee.com\/mo\/pt-pt\/esg\/","og_site_name":"Kingdee Cloud ERP &amp; Al Business Management Solutions-Kingdee Macau","article_publisher":"https:\/\/www.facebook.com\/kingdee.official","article_modified_time":"2025-12-30T11:15:37+00:00","twitter_card":"summary_large_image","schema":{"@context":"https:\/\/schema.org","@graph":[{"@type":"WebPage","@id":"https:\/\/global.kingdee.com\/mo\/pt-pt\/esg\/","url":"https:\/\/global.kingdee.com\/mo\/pt-pt\/esg\/","name":"ASG \u2013 S\u00edtio Web Oficial da Kingdee International","isPartOf":{"@id":"https:\/\/global.kingdee.com\/mo\/pt-pt\/#website"},"datePublished":"2025-07-08T03:05:04+00:00","dateModified":"2025-12-30T11:15:37+00:00","description":"ESG (Ambiental, Social e de Governa\u00e7\u00e3o),avalia a sustentabilidade das opera\u00e7\u00f5es empresariais e o seu impacto nos valores sociais a partir de tr\u00eas dimens\u00f5es: ambiental, social e de governa\u00e7\u00e3o empresarial. Como empresa l\u00edder em gest\u00e3o empresarial na nuvem, a Kingdee d\u00e1 especial aten\u00e7\u00e3o \u00e0 prote\u00e7\u00e3o do ambiente ecol\u00f3gico, cumpre responsabilidades sociais e melhora continuamente o seu n\u00edvel de governa\u00e7\u00e3o, ao mesmo tempo que lidera o desenvolvimento da ind\u00fastria.","breadcrumb":{"@id":"https:\/\/global.kingdee.com\/mo\/pt-pt\/esg\/#breadcrumb"},"inLanguage":"pt-PT","potentialAction":[{"@type":"ReadAction","target":["https:\/\/global.kingdee.com\/mo\/pt-pt\/esg\/"]}]},{"@type":"BreadcrumbList","@id":"https:\/\/global.kingdee.com\/mo\/pt-pt\/esg\/#breadcrumb","itemListElement":[{"@type":"ListItem","position":1,"name":"Home","item":"https:\/\/global.kingdee.com\/mo\/pt-pt\/"},{"@type":"ListItem","position":2,"name":"ESG"}]},{"@type":"WebSite","@id":"https:\/\/global.kingdee.com\/mo\/pt-pt\/#website","url":"https:\/\/global.kingdee.com\/mo\/pt-pt\/","name":"Kingdee International Official Website","description":"","publisher":{"@id":"https:\/\/global.kingdee.com\/mo\/pt-pt\/#organization"},"potentialAction":[{"@type":"SearchAction","target":{"@type":"EntryPoint","urlTemplate":"https:\/\/global.kingdee.com\/mo\/pt-pt\/?s={search_term_string}"},"query-input":{"@type":"PropertyValueSpecification","valueRequired":true,"valueName":"search_term_string"}}],"inLanguage":"pt-PT"},{"@type":"Organization","@id":"https:\/\/global.kingdee.com\/mo\/pt-pt\/#organization","name":"Kingdee International Software Group Company Limited","url":"https:\/\/global.kingdee.com\/mo\/pt-pt\/","logo":{"@type":"ImageObject","inLanguage":"pt-PT","@id":"https:\/\/global.kingdee.com\/mo\/pt-pt\/#\/schema\/logo\/image\/","url":"https:\/\/global.kingdee.com\/mo\/wp-content\/uploads\/sites\/5\/2025\/07\/KD-PNG.png","contentUrl":"https:\/\/global.kingdee.com\/mo\/wp-content\/uploads\/sites\/5\/2025\/07\/KD-PNG.png","width":1492,"height":506,"caption":"Kingdee International Software Group Company Limited"},"image":{"@id":"https:\/\/global.kingdee.com\/mo\/pt-pt\/#\/schema\/logo\/image\/"},"sameAs":["https:\/\/www.facebook.com\/kingdee.official"]}]}},"_links":{"self":[{"href":"https:\/\/global.kingdee.com\/mo\/pt-pt\/wp-json\/wp\/v2\/pages\/5476","targetHints":{"allow":["GET"]}}],"collection":[{"href":"https:\/\/global.kingdee.com\/mo\/pt-pt\/wp-json\/wp\/v2\/pages"}],"about":[{"href":"https:\/\/global.kingdee.com\/mo\/pt-pt\/wp-json\/wp\/v2\/types\/page"}],"author":[{"embeddable":true,"href":"https:\/\/global.kingdee.com\/mo\/pt-pt\/wp-json\/wp\/v2\/users\/2"}],"replies":[{"embeddable":true,"href":"https:\/\/global.kingdee.com\/mo\/pt-pt\/wp-json\/wp\/v2\/comments?post=5476"}],"version-history":[{"count":0,"href":"https:\/\/global.kingdee.com\/mo\/pt-pt\/wp-json\/wp\/v2\/pages\/5476\/revisions"}],"wp:attachment":[{"href":"https:\/\/global.kingdee.com\/mo\/pt-pt\/wp-json\/wp\/v2\/media?parent=5476"}],"curies":[{"name":"wp","href":"https:\/\/api.w.org\/{rel}","templated":true}]}}