{"id":5471,"date":"2025-07-13T16:14:52","date_gmt":"2025-07-13T08:14:52","guid":{"rendered":"https:\/\/global.kingdee.com\/mo\/customer-stories\/"},"modified":"2025-09-18T18:03:47","modified_gmt":"2025-09-18T10:03:47","slug":"customer-stories","status":"publish","type":"page","link":"https:\/\/global.kingdee.com\/mo\/pt-pt\/customer-stories\/","title":{"rendered":"Customer Stories"},"content":{"rendered":"<div class=\"pageTitle\">\n<h1>Descubra mais hist\u00f3rias de sucesso<\/h1>\n<\/div>\n<p>Explore como as empresas de todos os setores, de todas as dimens\u00f5es e fases de crescimento prosperam com a Kingdee<\/p>\n","protected":false},"excerpt":{"rendered":"<p>Descubra mais hist\u00f3rias de sucesso Explore como as empresas de todos os setores, de todas as dimens\u00f5es e fases de crescimento prosperam com a Kingdee<\/p>\n","protected":false},"author":2,"featured_media":0,"parent":0,"menu_order":0,"comment_status":"closed","ping_status":"closed","template":"customer-story.php","meta":{"footnotes":"","_links_to":"","_links_to_target":""},"class_list":["post-5471","page","type-page","status-publish","hentry"],"yoast_head":"<!-- This site is optimized with the Yoast SEO plugin v26.0 - https:\/\/yoast.com\/wordpress\/plugins\/seo\/ -->\n<title>Caso de Transforma\u00e7\u00e3o Digital Kingdee \u2013 Casos de Sucesso de Transforma\u00e7\u00e3o Digital Empresarial \u2013 S\u00edtio Web Oficial da Kingdee International<\/title>\n<meta name=\"description\" content=\"A Kingdee fornece solu\u00e7\u00f5es de transforma\u00e7\u00e3o digital para grandes grupos, empresas em r\u00e1pido crescimento e pequenas e microempresas, ajudando-as a alcan\u00e7ar uma transforma\u00e7\u00e3o digital bem-sucedida e a refor\u00e7ar a sua competitividade. A Kingdee forneceu solu\u00e7\u00f5es de transforma\u00e7\u00e3o digital a mais de 7,4 milh\u00f5es de empresas, governos e outras organiza\u00e7\u00f5es.\" \/>\n<link rel=\"canonical\" href=\"https:\/\/www.kingdee.com\/mo\/pt-pt\/wp-json\/wp\/v2\/pages\/5471\" \/>\n<meta property=\"og:locale\" content=\"pt_PT\" \/>\n<meta property=\"og:type\" content=\"article\" \/>\n<meta property=\"og:title\" content=\"Caso de Transforma\u00e7\u00e3o Digital Kingdee \u2013 Casos de Sucesso de Transforma\u00e7\u00e3o Digital Empresarial \u2013 S\u00edtio Web Oficial da Kingdee International\" \/>\n<meta property=\"og:description\" content=\"A Kingdee fornece solu\u00e7\u00f5es de transforma\u00e7\u00e3o digital para grandes grupos, empresas em r\u00e1pido crescimento e pequenas e microempresas, ajudando-as a alcan\u00e7ar uma transforma\u00e7\u00e3o digital bem-sucedida e a refor\u00e7ar a sua competitividade. A Kingdee forneceu solu\u00e7\u00f5es de transforma\u00e7\u00e3o digital a mais de 7,4 milh\u00f5es de empresas, governos e outras organiza\u00e7\u00f5es.\" \/>\n<meta property=\"og:url\" content=\"https:\/\/global.kingdee.com\/mo\/pt-pt\/customer-stories\/\" \/>\n<meta property=\"og:site_name\" content=\"Kingdee Cloud ERP &amp; Al Business Management Solutions-Kingdee Macau\" \/>\n<meta property=\"article:publisher\" content=\"https:\/\/www.facebook.com\/kingdee.official\" \/>\n<meta property=\"article:modified_time\" content=\"2025-09-18T10:03:47+00:00\" \/>\n<meta name=\"twitter:card\" content=\"summary_large_image\" \/>\n<meta name=\"twitter:label1\" content=\"Est. reading time\" \/>\n\t<meta name=\"twitter:data1\" content=\"1 minuto\" \/>\n<script type=\"application\/ld+json\" class=\"yoast-schema-graph\">{\"@context\":\"https:\/\/schema.org\",\"@graph\":[{\"@type\":\"WebPage\",\"@id\":\"https:\/\/global.kingdee.com\/mo\/pt-pt\/customer-stories\/\",\"url\":\"https:\/\/global.kingdee.com\/mo\/pt-pt\/customer-stories\/\",\"name\":\"Caso de Transforma\u00e7\u00e3o Digital Kingdee \u2013 Casos de Sucesso de Transforma\u00e7\u00e3o Digital Empresarial \u2013 S\u00edtio Web Oficial da Kingdee International\",\"isPartOf\":{\"@id\":\"https:\/\/global.kingdee.com\/mo\/pt-pt\/#website\"},\"datePublished\":\"2025-07-13T08:14:52+00:00\",\"dateModified\":\"2025-09-18T10:03:47+00:00\",\"description\":\"A Kingdee fornece solu\u00e7\u00f5es de transforma\u00e7\u00e3o digital para grandes grupos, empresas em r\u00e1pido crescimento e pequenas e microempresas, ajudando-as a alcan\u00e7ar uma transforma\u00e7\u00e3o digital bem-sucedida e a refor\u00e7ar a sua competitividade. A Kingdee forneceu solu\u00e7\u00f5es de transforma\u00e7\u00e3o digital a mais de 7,4 milh\u00f5es de empresas, governos e outras organiza\u00e7\u00f5es.\",\"breadcrumb\":{\"@id\":\"https:\/\/global.kingdee.com\/mo\/pt-pt\/customer-stories\/#breadcrumb\"},\"inLanguage\":\"pt-PT\",\"potentialAction\":[{\"@type\":\"ReadAction\",\"target\":[\"https:\/\/global.kingdee.com\/mo\/pt-pt\/customer-stories\/\"]}]},{\"@type\":\"BreadcrumbList\",\"@id\":\"https:\/\/global.kingdee.com\/mo\/pt-pt\/customer-stories\/#breadcrumb\",\"itemListElement\":[{\"@type\":\"ListItem\",\"position\":1,\"name\":\"Home\",\"item\":\"https:\/\/global.kingdee.com\/mo\/pt-pt\/\"},{\"@type\":\"ListItem\",\"position\":2,\"name\":\"Customer Stories\"}]},{\"@type\":\"WebSite\",\"@id\":\"https:\/\/global.kingdee.com\/mo\/pt-pt\/#website\",\"url\":\"https:\/\/global.kingdee.com\/mo\/pt-pt\/\",\"name\":\"Kingdee International Official Website\",\"description\":\"\",\"publisher\":{\"@id\":\"https:\/\/global.kingdee.com\/mo\/pt-pt\/#organization\"},\"potentialAction\":[{\"@type\":\"SearchAction\",\"target\":{\"@type\":\"EntryPoint\",\"urlTemplate\":\"https:\/\/global.kingdee.com\/mo\/pt-pt\/?s={search_term_string}\"},\"query-input\":{\"@type\":\"PropertyValueSpecification\",\"valueRequired\":true,\"valueName\":\"search_term_string\"}}],\"inLanguage\":\"pt-PT\"},{\"@type\":\"Organization\",\"@id\":\"https:\/\/global.kingdee.com\/mo\/pt-pt\/#organization\",\"name\":\"Kingdee International Software Group Company Limited\",\"url\":\"https:\/\/global.kingdee.com\/mo\/pt-pt\/\",\"logo\":{\"@type\":\"ImageObject\",\"inLanguage\":\"pt-PT\",\"@id\":\"https:\/\/global.kingdee.com\/mo\/pt-pt\/#\/schema\/logo\/image\/\",\"url\":\"https:\/\/global.kingdee.com\/mo\/wp-content\/uploads\/sites\/5\/2025\/07\/KD-PNG.png\",\"contentUrl\":\"https:\/\/global.kingdee.com\/mo\/wp-content\/uploads\/sites\/5\/2025\/07\/KD-PNG.png\",\"width\":1492,\"height\":506,\"caption\":\"Kingdee International Software Group Company Limited\"},\"image\":{\"@id\":\"https:\/\/global.kingdee.com\/mo\/pt-pt\/#\/schema\/logo\/image\/\"},\"sameAs\":[\"https:\/\/www.facebook.com\/kingdee.official\"]}]}<\/script>\n<!-- \/ Yoast SEO plugin. -->","yoast_head_json":{"title":"Caso de Transforma\u00e7\u00e3o Digital Kingdee \u2013 Casos de Sucesso de Transforma\u00e7\u00e3o Digital Empresarial \u2013 S\u00edtio Web Oficial da Kingdee International","description":"A Kingdee fornece solu\u00e7\u00f5es de transforma\u00e7\u00e3o digital para grandes grupos, empresas em r\u00e1pido crescimento e pequenas e microempresas, ajudando-as a alcan\u00e7ar uma transforma\u00e7\u00e3o digital bem-sucedida e a refor\u00e7ar a sua competitividade. A Kingdee forneceu solu\u00e7\u00f5es de transforma\u00e7\u00e3o digital a mais de 7,4 milh\u00f5es de empresas, governos e outras organiza\u00e7\u00f5es.","canonical":"https:\/\/www.kingdee.com\/mo\/pt-pt\/wp-json\/wp\/v2\/pages\/5471","og_locale":"pt_PT","og_type":"article","og_title":"Caso de Transforma\u00e7\u00e3o Digital Kingdee \u2013 Casos de Sucesso de Transforma\u00e7\u00e3o Digital Empresarial \u2013 S\u00edtio Web Oficial da Kingdee International","og_description":"A Kingdee fornece solu\u00e7\u00f5es de transforma\u00e7\u00e3o digital para grandes grupos, empresas em r\u00e1pido crescimento e pequenas e microempresas, ajudando-as a alcan\u00e7ar uma transforma\u00e7\u00e3o digital bem-sucedida e a refor\u00e7ar a sua competitividade. A Kingdee forneceu solu\u00e7\u00f5es de transforma\u00e7\u00e3o digital a mais de 7,4 milh\u00f5es de empresas, governos e outras organiza\u00e7\u00f5es.","og_url":"https:\/\/global.kingdee.com\/mo\/pt-pt\/customer-stories\/","og_site_name":"Kingdee Cloud ERP &amp; Al Business Management Solutions-Kingdee Macau","article_publisher":"https:\/\/www.facebook.com\/kingdee.official","article_modified_time":"2025-09-18T10:03:47+00:00","twitter_card":"summary_large_image","twitter_misc":{"Est. reading time":"1 minuto"},"schema":{"@context":"https:\/\/schema.org","@graph":[{"@type":"WebPage","@id":"https:\/\/global.kingdee.com\/mo\/pt-pt\/customer-stories\/","url":"https:\/\/global.kingdee.com\/mo\/pt-pt\/customer-stories\/","name":"Caso de Transforma\u00e7\u00e3o Digital Kingdee \u2013 Casos de Sucesso de Transforma\u00e7\u00e3o Digital Empresarial \u2013 S\u00edtio Web Oficial da Kingdee International","isPartOf":{"@id":"https:\/\/global.kingdee.com\/mo\/pt-pt\/#website"},"datePublished":"2025-07-13T08:14:52+00:00","dateModified":"2025-09-18T10:03:47+00:00","description":"A Kingdee fornece solu\u00e7\u00f5es de transforma\u00e7\u00e3o digital para grandes grupos, empresas em r\u00e1pido crescimento e pequenas e microempresas, ajudando-as a alcan\u00e7ar uma transforma\u00e7\u00e3o digital bem-sucedida e a refor\u00e7ar a sua competitividade. A Kingdee forneceu solu\u00e7\u00f5es de transforma\u00e7\u00e3o digital a mais de 7,4 milh\u00f5es de empresas, governos e outras organiza\u00e7\u00f5es.","breadcrumb":{"@id":"https:\/\/global.kingdee.com\/mo\/pt-pt\/customer-stories\/#breadcrumb"},"inLanguage":"pt-PT","potentialAction":[{"@type":"ReadAction","target":["https:\/\/global.kingdee.com\/mo\/pt-pt\/customer-stories\/"]}]},{"@type":"BreadcrumbList","@id":"https:\/\/global.kingdee.com\/mo\/pt-pt\/customer-stories\/#breadcrumb","itemListElement":[{"@type":"ListItem","position":1,"name":"Home","item":"https:\/\/global.kingdee.com\/mo\/pt-pt\/"},{"@type":"ListItem","position":2,"name":"Customer Stories"}]},{"@type":"WebSite","@id":"https:\/\/global.kingdee.com\/mo\/pt-pt\/#website","url":"https:\/\/global.kingdee.com\/mo\/pt-pt\/","name":"Kingdee International Official Website","description":"","publisher":{"@id":"https:\/\/global.kingdee.com\/mo\/pt-pt\/#organization"},"potentialAction":[{"@type":"SearchAction","target":{"@type":"EntryPoint","urlTemplate":"https:\/\/global.kingdee.com\/mo\/pt-pt\/?s={search_term_string}"},"query-input":{"@type":"PropertyValueSpecification","valueRequired":true,"valueName":"search_term_string"}}],"inLanguage":"pt-PT"},{"@type":"Organization","@id":"https:\/\/global.kingdee.com\/mo\/pt-pt\/#organization","name":"Kingdee International Software Group Company Limited","url":"https:\/\/global.kingdee.com\/mo\/pt-pt\/","logo":{"@type":"ImageObject","inLanguage":"pt-PT","@id":"https:\/\/global.kingdee.com\/mo\/pt-pt\/#\/schema\/logo\/image\/","url":"https:\/\/global.kingdee.com\/mo\/wp-content\/uploads\/sites\/5\/2025\/07\/KD-PNG.png","contentUrl":"https:\/\/global.kingdee.com\/mo\/wp-content\/uploads\/sites\/5\/2025\/07\/KD-PNG.png","width":1492,"height":506,"caption":"Kingdee International Software Group Company Limited"},"image":{"@id":"https:\/\/global.kingdee.com\/mo\/pt-pt\/#\/schema\/logo\/image\/"},"sameAs":["https:\/\/www.facebook.com\/kingdee.official"]}]}},"_links":{"self":[{"href":"https:\/\/global.kingdee.com\/mo\/pt-pt\/wp-json\/wp\/v2\/pages\/5471","targetHints":{"allow":["GET"]}}],"collection":[{"href":"https:\/\/global.kingdee.com\/mo\/pt-pt\/wp-json\/wp\/v2\/pages"}],"about":[{"href":"https:\/\/global.kingdee.com\/mo\/pt-pt\/wp-json\/wp\/v2\/types\/page"}],"author":[{"embeddable":true,"href":"https:\/\/global.kingdee.com\/mo\/pt-pt\/wp-json\/wp\/v2\/users\/2"}],"replies":[{"embeddable":true,"href":"https:\/\/global.kingdee.com\/mo\/pt-pt\/wp-json\/wp\/v2\/comments?post=5471"}],"version-history":[{"count":0,"href":"https:\/\/global.kingdee.com\/mo\/pt-pt\/wp-json\/wp\/v2\/pages\/5471\/revisions"}],"wp:attachment":[{"href":"https:\/\/global.kingdee.com\/mo\/pt-pt\/wp-json\/wp\/v2\/media?parent=5471"}],"curies":[{"name":"wp","href":"https:\/\/api.w.org\/{rel}","templated":true}]}}